{"id":11,"date":"2016-07-06T14:46:20","date_gmt":"2016-07-06T17:46:20","guid":{"rendered":"https:\/\/ansefsc.org.br\/index.php\/2016\/07\/06\/localizacao\/"},"modified":"2023-05-17T11:49:20","modified_gmt":"2023-05-17T14:49:20","slug":"regionais","status":"publish","type":"page","link":"https:\/\/ansefsc.org.br\/index.php\/regionais\/","title":{"rendered":"Regionais"},"content":{"rendered":"<p>[vc_row bottom_padding=&#8221;40&#8243;][vc_column width=&#8221;1\/2&#8243;][vc_column_text]<\/p>\n<h6>ANSEF\/SC &#8211; Florian\u00f3polis<\/h6>\n<p><strong>CONTATOS<\/strong><br \/>\nEndere\u00e7o: R. Dr. Carlos Corr\u00eaa, 141<br \/>\nAgron\u00f4mica, Florian\u00f3polis &#8211; SC, 88025-250<br \/>\nTelefone: (48) 3348-4039<\/p>\n<p><strong>HOR\u00c1RIO DE ATENDIMENTO<\/strong><br \/>\nSegunda a Sexta-Feira das 08 \u00e0s 12 horas e das 13 \u00e0s 17 horas<\/p>\n<p><strong>RESPONS\u00c1VEIS<\/strong><br \/>\nWagner Tiezerin &#8211; Presidente<br \/>\nMirian Kruse dos Santos &#8211; Vice-presidente[\/vc_column_text][vc_column_text]<\/p>\n<h6>ANSEF\/SC &#8211; Itaja\u00ed<\/h6>\n<p><strong>CONTATOS<\/strong><br \/>\nEndere\u00e7o: Rua XV de Novembro, 348<br \/>\nCentro , Itaja\u00ed\/ SC, CEP: 88301-420<br \/>\nTelefone\/Fax: (47) 3249-6749<\/p>\n<p><strong>HOR\u00c1RIO DE ATENDIMENTO<\/strong><br \/>\nSegunda a Sexta-Feira das 08 \u00e0s 12 horas e das 13 \u00e0s 17 horas<\/p>\n<p><strong>RESPONS\u00c1VEIS<\/strong><br \/>\nSr. Maur\u00edcio Sobrinho &#8211; Presidente<br \/>\nSr\u00aa. Vanuza de Jesus Pegoraro &#8211; Secret\u00e1ria[\/vc_column_text][\/vc_column][vc_column width=&#8221;1\/2&#8243;][vc_column_text]<\/p>\n<h6>ASPF\/SC &#8211; Joinville<\/h6>\n<p><strong>CONTATOS<\/strong><br \/>\nEndere\u00e7o: Rua Jos\u00e9 Elias Giuliari, 72<br \/>\nBoa Vista &#8211; Joinville \/ SC, CEP: 89205-310<br \/>\nTelefone\/Fax: (47) 3431-6800<\/p>\n<p><strong>HOR\u00c1RIO DE ATENDIMENTO<\/strong><br \/>\nSegunda a Sexta-Feira das 08 \u00e0s 12 horas e das 14 \u00e0s 18 horas<\/p>\n<p><strong>RESPONS\u00c1VEIS<\/strong><br \/>\nSr. Dacira Calixto Campos \u2013 Presidente[\/vc_column_text][vc_column_text]<\/p>\n<h6>ASPOFER\/SC &#8211; Dion\u00edsio Cerqueira<\/h6>\n<p><strong>CONTATOS<\/strong><br \/>\nEndere\u00e7o: Rua Rep\u00fablica Argentina, 259<br \/>\nCentro &#8211; Dion\u00edsio Cerqueira\/SC, CEP: 89950-000<br \/>\nTelefone\/Fax: (49) 3364-6303<\/p>\n<p><strong>HOR\u00c1RIO DE ATENDIMENTO<\/strong><br \/>\nSegunda a Sexta-Feira das 08 \u00e1s 12 horas e das 14 \u00e0s 18 horas<\/p>\n<p><strong>RESPONS\u00c1VEIS<\/strong><br \/>\nSr. Osmar Wesley Santos &#8211; Presidente[\/vc_column_text][\/vc_column][\/vc_row]<\/p>\n","protected":false},"excerpt":{"rendered":"<p>[vc_row bottom_padding=&#8221;40&#8243;][vc_column width=&#8221;1\/2&#8243;][vc_column_text] ANSEF\/SC &#8211; Florian\u00f3polis CONTATOS Endere\u00e7o: R. Dr. Carlos Corr\u00eaa, 141 Agron\u00f4mica, Florian\u00f3polis &#8211; SC, 88025-250 Telefone: (48) 3348-4039 HOR\u00c1RIO DE ATENDIMENTO Segunda a Sexta-Feira das 08 \u00e0s 12 horas e das 13 \u00e0s 17 horas RESPONS\u00c1VEIS Wagner Tiezerin &#8211; Presidente Mirian Kruse dos Santos &#8211; Vice-presidente[\/vc_column_text][vc_column_text] ANSEF\/SC &#8211; Itaja\u00ed CONTATOS Endere\u00e7o: Rua XV de Novembro, 348 Centro , Itaja\u00ed\/ SC, CEP: 88301-420 Telefone\/Fax: (47) 3249-6749 HOR\u00c1RIO DE ATENDIMENTO Segunda a Sexta-Feira das 08 \u00e0s 12 horas e das 13 \u00e0s 17 horas RESPONS\u00c1VEIS Sr. Maur\u00edcio Sobrinho &#8211; Presidente Sr\u00aa. Vanuza de Jesus Pegoraro &#8211; Secret\u00e1ria[\/vc_column_text][\/vc_column][vc_column width=&#8221;1\/2&#8243;][vc_column_text] ASPF\/SC &#8211; Joinville CONTATOS Endere\u00e7o: Rua Jos\u00e9 Elias Giuliari, 72 Boa Vista &#8211; Joinville \/ SC, CEP: 89205-310 Telefone\/Fax: (47) 3431-6800 HOR\u00c1RIO DE ATENDIMENTO Segunda a Sexta-Feira das 08 \u00e0s 12 horas e das 14 \u00e0s 18 horas RESPONS\u00c1VEIS Sr. Dacira Calixto Campos \u2013 Presidente[\/vc_column_text][vc_column_text] ASPOFER\/SC &#8211; Dion\u00edsio Cerqueira CONTATOS Endere\u00e7o: Rua Rep\u00fablica Argentina, 259 Centro &#8211; Dion\u00edsio Cerqueira\/SC, CEP: 89950-000 Telefone\/Fax: (49) 3364-6303 HOR\u00c1RIO DE ATENDIMENTO Segunda a Sexta-Feira das 08 \u00e1s 12 horas e das 14 \u00e0s 18 horas RESPONS\u00c1VEIS Sr. Osmar Wesley Santos &#8211; Presidente[\/vc_column_text][\/vc_column][\/vc_row]<\/p>\n","protected":false},"author":8,"featured_media":0,"parent":0,"menu_order":0,"comment_status":"closed","ping_status":"closed","template":"","meta":[],"_links":{"self":[{"href":"https:\/\/ansefsc.org.br\/index.php\/wp-json\/wp\/v2\/pages\/11"}],"collection":[{"href":"https:\/\/ansefsc.org.br\/index.php\/wp-json\/wp\/v2\/pages"}],"about":[{"href":"https:\/\/ansefsc.org.br\/index.php\/wp-json\/wp\/v2\/types\/page"}],"author":[{"embeddable":true,"href":"https:\/\/ansefsc.org.br\/index.php\/wp-json\/wp\/v2\/users\/8"}],"replies":[{"embeddable":true,"href":"https:\/\/ansefsc.org.br\/index.php\/wp-json\/wp\/v2\/comments?post=11"}],"version-history":[{"count":26,"href":"https:\/\/ansefsc.org.br\/index.php\/wp-json\/wp\/v2\/pages\/11\/revisions"}],"predecessor-version":[{"id":4708,"href":"https:\/\/ansefsc.org.br\/index.php\/wp-json\/wp\/v2\/pages\/11\/revisions\/4708"}],"wp:attachment":[{"href":"https:\/\/ansefsc.org.br\/index.php\/wp-json\/wp\/v2\/media?parent=11"}],"curies":[{"name":"wp","href":"https:\/\/api.w.org\/{rel}","templated":true}]}}