{"id":3,"date":"2013-07-15T15:52:45","date_gmt":"2013-07-15T18:52:45","guid":{"rendered":"https:\/\/ansefsc.org.br\/index.php\/2013\/07\/15\/historico\/"},"modified":"2023-05-17T11:49:40","modified_gmt":"2023-05-17T14:49:40","slug":"historico","status":"publish","type":"page","link":"https:\/\/ansefsc.org.br\/index.php\/historico\/","title":{"rendered":"Hist\u00f3rico"},"content":{"rendered":"<p style=\"text-align: justify;\"><span style=\"font-size: 12pt;\">A Associa\u00e7\u00e3o Nacional dos Servidores da Pol\u00edcia Federal em Santa Catarina, fundada em 05 de\u00a0<\/span><span style=\"font-size: 12pt;\">setembro de 1985, por cerca de 60 abnegados Servidores P\u00fablicos Federais da Pol\u00edcia Federal,\u00a0<\/span><span style=\"font-size: 12pt;\">mais conhecida hoje como ANSEF\/SC, \u00e9 filiada \u00e0 Associa\u00e7\u00e3o Nacional dos Servidores da Pol\u00edcia\u00a0<\/span><span style=\"font-size: 12pt;\">Federal &#8211; ANSEF, com sede em Bras\u00edlia, Distrito Federal.<\/span><\/p>\n<p style=\"text-align: justify;\"><span style=\"font-size: 12pt;\">Em Santa Catarina atende a todos os Servidores do \u00f3rg\u00e3o policial federal, lotados na\u00a0<\/span><span style=\"font-size: 12pt;\">Superintend\u00eancia &#8211; DPF\/DCQ &#8211; DPF\/XAP &#8211; DPF\/LGE &#8211; DPF\/JVE &#8211; DPF\/ITJ e DPF\/CRI.<\/span><\/p>\n<p style=\"text-align: justify;\"><span style=\"font-size: 12pt;\">\u00c9 uma institui\u00e7\u00e3o de car\u00e1ter social, recreativo, esportivo e assistencial, sem fins econ\u00f4micos,\u00a0<\/span><span style=\"font-size: 12pt;\">tendo sede administrativa pr\u00f3pria em Florian\u00f3polis\/SC; e \u00e9 reconhecida de Utilidade P\u00fablica\u00a0<\/span><span style=\"font-size: 12pt;\">pela Lei Estadual n\u00ba 7.083, de 15 de outubro de 1987.<\/span><\/p>\n<p style=\"text-align: justify;\"><span style=\"font-size: 12pt;\">A entidade \u00e9 respons\u00e1vel por congregar, representar e promover a defesa dos direitos e\u00a0<\/span><span style=\"font-size: 12pt;\">interesses dos associados. Prestando assist\u00eancia aos associados e aos seus dependentes,<\/span><span style=\"font-size: 12pt;\"><span style=\"line-height: 1.8;\">promovendo a divulga\u00e7\u00e3o de temas de interesse da categoria, como quest\u00f5es profissionais e a\u00a0<\/span>participa\u00e7\u00e3o em eventos que permitem aperfei\u00e7oar o sistema de seguran\u00e7a p\u00fablica no Estado\u00a0<\/span><span style=\"font-size: 12pt;\">Catarinense.<\/span><\/p>\n<p style=\"text-align: justify;\"><span style=\"font-size: 12pt;\">Busca melhorar a qualidade de vida dos seus associados, firmando parcerias e conv\u00eanios junto<\/span><span style=\"font-size: 12pt;\">ao empresariado catarinense, integrando sobretudo a Fam\u00edlia Policial Federal com a sociedade.<\/span><\/p>\n","protected":false},"excerpt":{"rendered":"<p>A Associa\u00e7\u00e3o Nacional dos Servidores da Pol\u00edcia Federal em Santa Catarina, fundada em 05 de\u00a0setembro de 1985, por cerca de 60 abnegados Servidores P\u00fablicos Federais da Pol\u00edcia Federal,\u00a0mais conhecida hoje como ANSEF\/SC, \u00e9 filiada \u00e0 Associa\u00e7\u00e3o Nacional dos Servidores da Pol\u00edcia\u00a0Federal &#8211; ANSEF, com sede em Bras\u00edlia, Distrito Federal. Em Santa Catarina atende a todos os Servidores do \u00f3rg\u00e3o policial federal, lotados na\u00a0Superintend\u00eancia &#8211; DPF\/DCQ &#8211; DPF\/XAP &#8211; DPF\/LGE &#8211; DPF\/JVE &#8211; DPF\/ITJ e DPF\/CRI. \u00c9 uma institui\u00e7\u00e3o de car\u00e1ter social, recreativo, esportivo e assistencial, sem fins econ\u00f4micos,\u00a0tendo sede administrativa pr\u00f3pria em Florian\u00f3polis\/SC; e \u00e9 reconhecida de Utilidade P\u00fablica\u00a0pela Lei Estadual n\u00ba 7.083, de 15 de outubro de 1987. A entidade \u00e9 respons\u00e1vel por congregar, representar e promover a defesa dos direitos e\u00a0interesses dos associados. Prestando assist\u00eancia aos associados e aos seus dependentes,promovendo a divulga\u00e7\u00e3o de temas de interesse da categoria, como quest\u00f5es profissionais e a\u00a0participa\u00e7\u00e3o em eventos que permitem aperfei\u00e7oar o sistema de seguran\u00e7a p\u00fablica no Estado\u00a0Catarinense. Busca melhorar a qualidade de vida dos seus associados, firmando parcerias e conv\u00eanios juntoao empresariado catarinense, integrando sobretudo a Fam\u00edlia Policial Federal com a sociedade.<\/p>\n","protected":false},"author":8,"featured_media":0,"parent":0,"menu_order":3,"comment_status":"closed","ping_status":"open","template":"","meta":[],"_links":{"self":[{"href":"https:\/\/ansefsc.org.br\/index.php\/wp-json\/wp\/v2\/pages\/3"}],"collection":[{"href":"https:\/\/ansefsc.org.br\/index.php\/wp-json\/wp\/v2\/pages"}],"about":[{"href":"https:\/\/ansefsc.org.br\/index.php\/wp-json\/wp\/v2\/types\/page"}],"author":[{"embeddable":true,"href":"https:\/\/ansefsc.org.br\/index.php\/wp-json\/wp\/v2\/users\/8"}],"replies":[{"embeddable":true,"href":"https:\/\/ansefsc.org.br\/index.php\/wp-json\/wp\/v2\/comments?post=3"}],"version-history":[{"count":3,"href":"https:\/\/ansefsc.org.br\/index.php\/wp-json\/wp\/v2\/pages\/3\/revisions"}],"predecessor-version":[{"id":4709,"href":"https:\/\/ansefsc.org.br\/index.php\/wp-json\/wp\/v2\/pages\/3\/revisions\/4709"}],"wp:attachment":[{"href":"https:\/\/ansefsc.org.br\/index.php\/wp-json\/wp\/v2\/media?parent=3"}],"curies":[{"name":"wp","href":"https:\/\/api.w.org\/{rel}","templated":true}]}}