{"id":5006,"date":"2023-04-10T16:21:01","date_gmt":"2023-04-10T19:21:01","guid":{"rendered":"https:\/\/ansefsc.org.br\/?page_id=5006"},"modified":"2023-05-17T11:49:20","modified_gmt":"2023-05-17T14:49:20","slug":"associe-se-2","status":"publish","type":"page","link":"https:\/\/ansefsc.org.br\/index.php\/associe-se-2\/","title":{"rendered":"Associe-se"},"content":{"rendered":"<p>[vc_row bg_color=&#8221;#ffffff&#8221; section_arrow=&#8221;false&#8221; top_padding=&#8221;0&#8243; bottom_padding=&#8221;60&#8243; bg_position=&#8221;left top&#8221;][vc_column width=&#8221;1\/1&#8243;][vc_column_text]<\/p>\n<p style=\"text-align: justify;\">Eventos mensais, viagens entre colegas da PF, conv\u00eanios em diversos estabelecimentos e muito mais!<\/p>\n<p style=\"text-align: justify;\">Associe-se a ANSEF\/SC! Al\u00e9m de contribuir com o fortalecimento das lutas dos servidores, associados t\u00eam acesso a v\u00e1rios benef\u00edcios exclusivos.<\/p>\n<p style=\"text-align: justify;\">Preencha a ficha cadastral abaixo, envie os documentos solicitados ao final do formul\u00e1rio e fa\u00e7a parte dessa fam\u00edlia!<\/p>\n<p style=\"text-align: justify;\"><strong>Forma de pagamento<\/strong><br \/>\nDesconto em folha.<\/p>\n<p style=\"text-align: justify;\"><strong>Valor mensalidade ANSEF\/SC<\/strong><br \/>\n0,5% do valor bruto do contracheque.<\/p>\n<p>[\/vc_column_text]\n<div class=\"wpcf7 no-js\" id=\"wpcf7-f5005-o1\" lang=\"pt-BR\" dir=\"ltr\">\n<div class=\"screen-reader-response\"><p role=\"status\" aria-live=\"polite\" aria-atomic=\"true\"><\/p> <ul><\/ul><\/div>\n<form action=\"\/index.php\/wp-json\/wp\/v2\/pages\/5006#wpcf7-f5005-o1\" method=\"post\" class=\"wpcf7-form init\" aria-label=\"Formul\u00e1rios de contato\" enctype=\"multipart\/form-data\" novalidate=\"novalidate\" data-status=\"init\">\n<div style=\"display: none;\">\n<input type=\"hidden\" name=\"_wpcf7\" value=\"5005\" \/>\n<input type=\"hidden\" name=\"_wpcf7_version\" value=\"5.7.3\" \/>\n<input type=\"hidden\" name=\"_wpcf7_locale\" value=\"pt_BR\" \/>\n<input type=\"hidden\" name=\"_wpcf7_unit_tag\" value=\"wpcf7-f5005-o1\" \/>\n<input type=\"hidden\" name=\"_wpcf7_container_post\" value=\"0\" \/>\n<input type=\"hidden\" name=\"_wpcf7_posted_data_hash\" value=\"\" \/>\n<\/div>\n<p><label>INFORMA\u00c7\u00d5ES PESSOAIS<\/label>\n<\/p>\n<p><label> Nome<br \/>\n<span class=\"wpcf7-form-control-wrap\" data-name=\"your-name\"><input size=\"40\" class=\"wpcf7-form-control wpcf7-text wpcf7-validates-as-required\" aria-required=\"true\" aria-invalid=\"false\" value=\"\" type=\"text\" name=\"your-name\" \/><\/span> <\/label>\n<\/p>\n<p><label> Nome de Guerra<br \/>\n<span class=\"wpcf7-form-control-wrap\" data-name=\"your-nameguerra\"><input size=\"40\" class=\"wpcf7-form-control wpcf7-text wpcf7-validates-as-required\" aria-required=\"true\" aria-invalid=\"false\" value=\"\" type=\"text\" name=\"your-nameguerra\" \/><\/span> <\/label>\n<\/p>\n<p><label> Situa\u00e7\u00e3o<br \/>\n<span class=\"wpcf7-form-control-wrap\" data-name=\"checkbox-12\"><span class=\"wpcf7-form-control wpcf7-checkbox wpcf7-validates-as-required wpcf7-exclusive-checkbox\"><span class=\"wpcf7-list-item first\"><label><input type=\"checkbox\" name=\"checkbox-12\" value=\"Ativo(a)\" tabindex=\"\" \/><span class=\"wpcf7-list-item-label\">Ativo(a)<\/span><\/label><\/span><span class=\"wpcf7-list-item\"><label><input type=\"checkbox\" name=\"checkbox-12\" value=\"Aposentado(a)\" tabindex=\"\" \/><span class=\"wpcf7-list-item-label\">Aposentado(a)<\/span><\/label><\/span><span class=\"wpcf7-list-item\"><label><input type=\"checkbox\" name=\"checkbox-12\" value=\"Pensionista Vital\u00edcio\" tabindex=\"\" \/><span class=\"wpcf7-list-item-label\">Pensionista Vital\u00edcio<\/span><\/label><\/span><span class=\"wpcf7-list-item last\"><label><input type=\"checkbox\" name=\"checkbox-12\" value=\"Pensionista Tempor\u00e1rio\" tabindex=\"\" \/><span class=\"wpcf7-list-item-label\">Pensionista Tempor\u00e1rio<\/span><\/label><\/span><\/span><\/span> <\/label>\n<\/p>\n<p><label> Estado Civil<br \/>\n<span class=\"wpcf7-form-control-wrap\" data-name=\"checkbox-13\"><span class=\"wpcf7-form-control wpcf7-checkbox wpcf7-validates-as-required wpcf7-exclusive-checkbox\"><span class=\"wpcf7-list-item first\"><label><input type=\"checkbox\" name=\"checkbox-13\" value=\"Casado(a)\" tabindex=\"\" \/><span class=\"wpcf7-list-item-label\">Casado(a)<\/span><\/label><\/span><span class=\"wpcf7-list-item\"><label><input type=\"checkbox\" name=\"checkbox-13\" value=\"Solteiro(a)\" tabindex=\"\" \/><span class=\"wpcf7-list-item-label\">Solteiro(a)<\/span><\/label><\/span><span class=\"wpcf7-list-item\"><label><input type=\"checkbox\" name=\"checkbox-13\" value=\"Viuvo(a)\" tabindex=\"\" \/><span class=\"wpcf7-list-item-label\">Viuvo(a)<\/span><\/label><\/span><span class=\"wpcf7-list-item\"><label><input type=\"checkbox\" name=\"checkbox-13\" value=\"Divorciado(a)\" tabindex=\"\" \/><span class=\"wpcf7-list-item-label\">Divorciado(a)<\/span><\/label><\/span><span class=\"wpcf7-list-item last\"><label><input type=\"checkbox\" name=\"checkbox-13\" value=\"Separado(a)\" tabindex=\"\" \/><span class=\"wpcf7-list-item-label\">Separado(a)<\/span><\/label><\/span><\/span><\/span> <\/label>\n<\/p>\n<p><label> Nome Pai<br \/>\n<span class=\"wpcf7-form-control-wrap\" data-name=\"your-namepai\"><input size=\"40\" class=\"wpcf7-form-control wpcf7-text wpcf7-validates-as-required\" aria-required=\"true\" aria-invalid=\"false\" value=\"\" type=\"text\" name=\"your-namepai\" \/><\/span> <\/label>\n<\/p>\n<p><label> Nome M\u00e3e<br \/>\n<span class=\"wpcf7-form-control-wrap\" data-name=\"your-namemae\"><input size=\"40\" class=\"wpcf7-form-control wpcf7-text wpcf7-validates-as-required\" aria-required=\"true\" aria-invalid=\"false\" value=\"\" type=\"text\" name=\"your-namemae\" \/><\/span> <\/label>\n<\/p>\n<p><label> Tipo Sangu\u00edneo<br \/>\n<span class=\"wpcf7-form-control-wrap\" data-name=\"your-tiposangue\"><input size=\"40\" class=\"wpcf7-form-control wpcf7-text wpcf7-validates-as-required\" aria-required=\"true\" aria-invalid=\"false\" value=\"\" type=\"text\" name=\"your-tiposangue\" \/><\/span> <\/label>\n<\/p>\n<p><label> Data de Nascimento<br \/>\n<span class=\"wpcf7-form-control-wrap\" data-name=\"date-nascimento\"><input class=\"wpcf7-form-control wpcf7-date wpcf7-validates-as-required wpcf7-validates-as-date\" aria-required=\"true\" aria-invalid=\"false\" value=\"\" type=\"date\" name=\"date-nascimento\" \/><\/span> <\/label>\n<\/p>\n<p><label> Local de Nascimento<br \/>\n<span class=\"wpcf7-form-control-wrap\" data-name=\"your-localnascimento\"><input size=\"40\" class=\"wpcf7-form-control wpcf7-text wpcf7-validates-as-required\" aria-required=\"true\" aria-invalid=\"false\" value=\"\" type=\"text\" name=\"your-localnascimento\" \/><\/span> <\/label>\n<\/p>\n<p><label> UF<br \/>\n<span class=\"wpcf7-form-control-wrap\" data-name=\"your-uf\"><input size=\"40\" class=\"wpcf7-form-control wpcf7-text wpcf7-validates-as-required\" aria-required=\"true\" aria-invalid=\"false\" value=\"\" type=\"text\" name=\"your-uf\" \/><\/span> <\/label>\n<\/p>\n<p><label> Endere\u00e7o<br \/>\n<span class=\"wpcf7-form-control-wrap\" data-name=\"your-endereco\"><input size=\"40\" class=\"wpcf7-form-control wpcf7-text wpcf7-validates-as-required\" aria-required=\"true\" aria-invalid=\"false\" value=\"\" type=\"text\" name=\"your-endereco\" \/><\/span> <\/label>\n<\/p>\n<p><label> Complemento<br \/>\n<span class=\"wpcf7-form-control-wrap\" data-name=\"your-complemento\"><input size=\"40\" class=\"wpcf7-form-control wpcf7-text wpcf7-validates-as-required\" aria-required=\"true\" aria-invalid=\"false\" value=\"\" type=\"text\" name=\"your-complemento\" \/><\/span> <\/label>\n<\/p>\n<p><label> Bairro<br \/>\n<span class=\"wpcf7-form-control-wrap\" data-name=\"your-bairro\"><input size=\"40\" class=\"wpcf7-form-control wpcf7-text wpcf7-validates-as-required\" aria-required=\"true\" aria-invalid=\"false\" value=\"\" type=\"text\" name=\"your-bairro\" \/><\/span> <\/label>\n<\/p>\n<p><label> Cidade<br \/>\n<span class=\"wpcf7-form-control-wrap\" data-name=\"your-cidade\"><input size=\"40\" class=\"wpcf7-form-control wpcf7-text wpcf7-validates-as-required\" aria-required=\"true\" aria-invalid=\"false\" value=\"\" type=\"text\" name=\"your-cidade\" \/><\/span> <\/label>\n<\/p>\n<p><label> UF<br \/>\n<span class=\"wpcf7-form-control-wrap\" data-name=\"your-uf2\"><input size=\"40\" class=\"wpcf7-form-control wpcf7-text wpcf7-validates-as-required\" aria-required=\"true\" aria-invalid=\"false\" value=\"\" type=\"text\" name=\"your-uf2\" \/><\/span> <\/label>\n<\/p>\n<p><label> CEP<br \/>\n<span class=\"wpcf7-form-control-wrap\" data-name=\"your-cep\"><input size=\"40\" class=\"wpcf7-form-control wpcf7-text wpcf7-validates-as-required\" aria-required=\"true\" aria-invalid=\"false\" value=\"\" type=\"text\" name=\"your-cep\" \/><\/span> <\/label>\n<\/p>\n<p><label> RG<br \/>\n<span class=\"wpcf7-form-control-wrap\" data-name=\"your-rg\"><input size=\"40\" class=\"wpcf7-form-control wpcf7-text wpcf7-validates-as-required\" aria-required=\"true\" aria-invalid=\"false\" value=\"\" type=\"text\" name=\"your-rg\" \/><\/span> <\/label>\n<\/p>\n<p><label> Org\u00e3o Emissor<br \/>\n<span class=\"wpcf7-form-control-wrap\" data-name=\"your-orgaoemissor\"><input size=\"40\" class=\"wpcf7-form-control wpcf7-text wpcf7-validates-as-required\" aria-required=\"true\" aria-invalid=\"false\" value=\"\" type=\"text\" name=\"your-orgaoemissor\" \/><\/span> <\/label>\n<\/p>\n<p><label> Data Expe<br \/>\n<span class=\"wpcf7-form-control-wrap\" data-name=\"your-dataexpe\"><input class=\"wpcf7-form-control wpcf7-date wpcf7-validates-as-required wpcf7-validates-as-date\" aria-required=\"true\" aria-invalid=\"false\" value=\"\" type=\"date\" name=\"your-dataexpe\" \/><\/span> <\/label>\n<\/p>\n<p><label> CPF<br \/>\n<span class=\"wpcf7-form-control-wrap\" data-name=\"your-cpf\"><input size=\"40\" class=\"wpcf7-form-control wpcf7-text wpcf7-validates-as-required\" aria-required=\"true\" aria-invalid=\"false\" value=\"\" type=\"text\" name=\"your-cpf\" \/><\/span> <\/label>\n<\/p>\n<p><label>INFORMA\u00c7\u00d5ES INSTITUCIONAIS<\/label>\n<\/p>\n<p><label> Admiss\u00e3o DPF<br \/>\n<span class=\"wpcf7-form-control-wrap\" data-name=\"date-admissao\"><input class=\"wpcf7-form-control wpcf7-date wpcf7-validates-as-required wpcf7-validates-as-date\" aria-required=\"true\" aria-invalid=\"false\" value=\"\" type=\"date\" name=\"date-admissao\" \/><\/span> <\/label>\n<\/p>\n<p><label> SIAPE<br \/>\n<span class=\"wpcf7-form-control-wrap\" data-name=\"your-siape\"><input size=\"40\" class=\"wpcf7-form-control wpcf7-text wpcf7-validates-as-required\" aria-required=\"true\" aria-invalid=\"false\" value=\"\" type=\"text\" name=\"your-siape\" \/><\/span> <\/label>\n<\/p>\n<p><label> Matr\u00edcula no DPF<br \/>\n<span class=\"wpcf7-form-control-wrap\" data-name=\"your-matricula\"><input size=\"40\" class=\"wpcf7-form-control wpcf7-text wpcf7-validates-as-required\" aria-required=\"true\" aria-invalid=\"false\" value=\"\" type=\"text\" name=\"your-matricula\" \/><\/span> <\/label>\n<\/p>\n<p><label> Cargo<br \/>\n<span class=\"wpcf7-form-control-wrap\" data-name=\"your-cargo\"><input size=\"40\" class=\"wpcf7-form-control wpcf7-text wpcf7-validates-as-required\" aria-required=\"true\" aria-invalid=\"false\" value=\"\" type=\"text\" name=\"your-cargo\" \/><\/span> <\/label>\n<\/p>\n<p><label> Setor<br \/>\n<span class=\"wpcf7-form-control-wrap\" data-name=\"your-setor\"><input size=\"40\" class=\"wpcf7-form-control wpcf7-text wpcf7-validates-as-required\" aria-required=\"true\" aria-invalid=\"false\" value=\"\" type=\"text\" name=\"your-setor\" \/><\/span> <\/label>\n<\/p>\n<p><label>CONTATOS<\/label>\n<\/p>\n<p><label> Telefone Residencial<br \/>\n<span class=\"wpcf7-form-control-wrap\" data-name=\"your-telefoneresidencial\"><input size=\"40\" class=\"wpcf7-form-control wpcf7-text wpcf7-tel wpcf7-validates-as-tel\" aria-invalid=\"false\" value=\"\" type=\"tel\" name=\"your-telefoneresidencial\" \/><\/span> <\/label>\n<\/p>\n<p><label> Telefone Celular<br \/>\n<span class=\"wpcf7-form-control-wrap\" data-name=\"your-telefone\"><input size=\"40\" class=\"wpcf7-form-control wpcf7-text wpcf7-tel wpcf7-validates-as-required wpcf7-validates-as-tel\" aria-required=\"true\" aria-invalid=\"false\" value=\"\" type=\"tel\" name=\"your-telefone\" \/><\/span> <\/label>\n<\/p>\n<p><label> Telefone Trabalho<br \/>\n<span class=\"wpcf7-form-control-wrap\" data-name=\"your-telefonetrabalho\"><input size=\"40\" class=\"wpcf7-form-control wpcf7-text wpcf7-tel wpcf7-validates-as-tel\" aria-invalid=\"false\" value=\"\" type=\"tel\" name=\"your-telefonetrabalho\" \/><\/span> <\/label>\n<\/p>\n<p><label> E-mail<br \/>\n<span class=\"wpcf7-form-control-wrap\" data-name=\"your-email\"><input size=\"40\" class=\"wpcf7-form-control wpcf7-text wpcf7-email wpcf7-validates-as-required wpcf7-validates-as-email\" aria-required=\"true\" aria-invalid=\"false\" value=\"\" type=\"email\" name=\"your-email\" \/><\/span> <\/label>\n<\/p>\n<p><label>DADOS BANC\u00c1RIOS<\/label>\n<\/p>\n<p><label> Banco que possui conta<br \/>\n<span class=\"wpcf7-form-control-wrap\" data-name=\"your-banco\"><input size=\"40\" class=\"wpcf7-form-control wpcf7-text wpcf7-validates-as-required\" aria-required=\"true\" aria-invalid=\"false\" value=\"\" type=\"text\" name=\"your-banco\" \/><\/span> <\/label>\n<\/p>\n<p><label> Ag\u00eancia<br \/>\n<span class=\"wpcf7-form-control-wrap\" data-name=\"your-agencia\"><input size=\"40\" class=\"wpcf7-form-control wpcf7-text wpcf7-validates-as-required\" aria-required=\"true\" aria-invalid=\"false\" value=\"\" type=\"text\" name=\"your-agencia\" \/><\/span> <\/label>\n<\/p>\n<p><label> Conta Corrente<br \/>\n<span class=\"wpcf7-form-control-wrap\" data-name=\"your-conta\"><input size=\"40\" class=\"wpcf7-form-control wpcf7-text wpcf7-validates-as-required\" aria-required=\"true\" aria-invalid=\"false\" value=\"\" type=\"text\" name=\"your-conta\" \/><\/span> <\/label>\n<\/p>\n<p><label>DEPENDENTES<\/label>\n<\/p>\n<p><label> Dependentes<br \/>\n<span class=\"wpcf7-form-control-wrap\" data-name=\"textarea-dependentes\"><textarea cols=\"40\" rows=\"10\" class=\"wpcf7-form-control wpcf7-textarea\" aria-invalid=\"false\" placeholder=\"Nome Parentesco Data de Nascimento CPF\" name=\"textarea-dependentes\"><\/textarea><\/span> <\/label>\n<\/p>\n<p><label>DOCUMENTOS<\/label>\n<\/p>\n<p><span class=\"wpcf7-form-control-wrap\" data-name=\"acceptance-462\"><span class=\"wpcf7-form-control wpcf7-acceptance\"><span class=\"wpcf7-list-item\"><label><input type=\"checkbox\" name=\"acceptance-462\" value=\"1\" aria-invalid=\"false\" \/><span class=\"wpcf7-list-item-label\">Autorizo a associa\u00e7\u00e3o nacional dos servidores da pol\u00edcia federal em santa catarina, a providenciar o desconto  referente \u00e0 contribui\u00e7\u00e3o mensal prevista em seu estatuto . (atualmente 0,5% dos vencimentos).<\/span><\/label><\/span><\/span><\/span>\n<\/p>\n<p><label> OBS: Todos os documentos devem estar digitalizados em PDF <\/label>\n<\/p>\n<p><label> RG e CPF do Titular<br \/>\n<span class=\"wpcf7-form-control-wrap\" data-name=\"file-rgcpf\"><input size=\"40\" class=\"wpcf7-form-control wpcf7-file wpcf7-validates-as-required\" accept=\".pdf\" aria-required=\"true\" aria-invalid=\"false\" type=\"file\" name=\"file-rgcpf\" \/><\/span> <\/label>\n<\/p>\n<p><label> Certid\u00e3o de nascimento e\/ou RG e CPF dos dependentes <\/label><br \/>\n<span class=\"wpcf7-form-control-wrap\" data-name=\"file-certidao1\"><input size=\"40\" class=\"wpcf7-form-control wpcf7-file\" accept=\".pdf\" aria-invalid=\"false\" type=\"file\" name=\"file-certidao1\" \/><\/span><br \/>\n<span class=\"wpcf7-form-control-wrap\" data-name=\"file-certidao2\"><input size=\"40\" class=\"wpcf7-form-control wpcf7-file\" accept=\".pdf\" aria-invalid=\"false\" type=\"file\" name=\"file-certidao2\" \/><\/span><br \/>\n<span class=\"wpcf7-form-control-wrap\" data-name=\"file-certidao3\"><input size=\"40\" class=\"wpcf7-form-control wpcf7-file\" accept=\".pdf\" aria-invalid=\"false\" type=\"file\" name=\"file-certidao3\" \/><\/span><br \/>\n<span class=\"wpcf7-form-control-wrap\" data-name=\"file-certidao4\"><input size=\"40\" class=\"wpcf7-form-control wpcf7-file\" accept=\".pdf\" aria-invalid=\"false\" type=\"file\" name=\"file-certidao4\" \/><\/span><br \/>\n<span class=\"wpcf7-form-control-wrap\" data-name=\"file-certidao5\"><input size=\"40\" class=\"wpcf7-form-control wpcf7-file\" accept=\".pdf\" aria-invalid=\"false\" type=\"file\" name=\"file-certidao5\" \/><\/span>\n<\/p>\n<p><label> Certid\u00e3o de casamento ou declara\u00e7\u00e3o de uni\u00e3o est\u00e1vel<br \/>\n<span class=\"wpcf7-form-control-wrap\" data-name=\"file-certidaocasamento\"><input size=\"40\" class=\"wpcf7-form-control wpcf7-file wpcf7-validates-as-required\" accept=\".pdf\" aria-required=\"true\" aria-invalid=\"false\" type=\"file\" name=\"file-certidaocasamento\" \/><\/span> <\/label>\n<\/p>\n<p><label> Comprovante de resid\u00eancia atual<br \/>\n<span class=\"wpcf7-form-control-wrap\" data-name=\"file-comprovanteresidencia\"><input size=\"40\" class=\"wpcf7-form-control wpcf7-file wpcf7-validates-as-required\" accept=\".pdf\" aria-required=\"true\" aria-invalid=\"false\" type=\"file\" name=\"file-comprovanteresidencia\" \/><\/span> <\/label>\n<\/p>\n<p><label> Ultimo contracheque<br \/>\n<span class=\"wpcf7-form-control-wrap\" data-name=\"file-contracheque\"><input size=\"40\" class=\"wpcf7-form-control wpcf7-file wpcf7-validates-as-required\" accept=\".pdf\" aria-required=\"true\" aria-invalid=\"false\" type=\"file\" name=\"file-contracheque\" \/><\/span> <\/label>\n<\/p>\n<p><span class=\"wpcf7-form-control-wrap\" data-name=\"acceptance-463\"><span class=\"wpcf7-form-control wpcf7-acceptance\"><span class=\"wpcf7-list-item\"><label><input type=\"checkbox\" name=\"acceptance-463\" value=\"1\" aria-invalid=\"false\" \/><span class=\"wpcf7-list-item-label\">Concordo que a Ansef\/SC realize o armazenamento e processamento adequado dos dados pessoais fornecidos, em conformidade com a lei n\u00ba 13.709\/2018 - lei geral de prote\u00e7\u00e3o de dados.<\/span><\/label><\/span><\/span><\/span>\n<\/p>\n<p><input class=\"wpcf7-form-control has-spinner wpcf7-submit\" type=\"submit\" value=\"Enviar\" \/>\n<\/p><p style=\"display: none !important;\"><label>&#916;<textarea name=\"_wpcf7_ak_hp_textarea\" cols=\"45\" rows=\"8\" maxlength=\"100\"><\/textarea><\/label><input type=\"hidden\" id=\"ak_js_1\" name=\"_wpcf7_ak_js\" value=\"144\"\/><script>document.getElementById( \"ak_js_1\" ).setAttribute( \"value\", ( new Date() ).getTime() );<\/script><\/p><div class=\"wpcf7-response-output\" aria-hidden=\"true\"><\/div>\n<\/form>\n<\/div>\n[\/vc_column][\/vc_row]<\/p>\n","protected":false},"excerpt":{"rendered":"<p>[vc_row bg_color=&#8221;#ffffff&#8221; section_arrow=&#8221;false&#8221; top_padding=&#8221;0&#8243; bottom_padding=&#8221;60&#8243; bg_position=&#8221;left top&#8221;][vc_column width=&#8221;1\/1&#8243;][vc_column_text] Eventos mensais, viagens entre colegas da PF, conv\u00eanios em diversos estabelecimentos e muito mais! Associe-se a ANSEF\/SC! Al\u00e9m de contribuir com o fortalecimento das lutas dos servidores, associados t\u00eam acesso a v\u00e1rios benef\u00edcios exclusivos. Preencha a ficha cadastral abaixo, envie os documentos solicitados ao final do formul\u00e1rio e fa\u00e7a parte dessa fam\u00edlia! Forma de pagamento Desconto em folha. Valor mensalidade ANSEF\/SC 0,5% do valor bruto do contracheque. [\/vc_column_text][\/vc_column][\/vc_row]<\/p>\n","protected":false},"author":8,"featured_media":0,"parent":0,"menu_order":0,"comment_status":"closed","ping_status":"closed","template":"","meta":[],"_links":{"self":[{"href":"https:\/\/ansefsc.org.br\/index.php\/wp-json\/wp\/v2\/pages\/5006"}],"collection":[{"href":"https:\/\/ansefsc.org.br\/index.php\/wp-json\/wp\/v2\/pages"}],"about":[{"href":"https:\/\/ansefsc.org.br\/index.php\/wp-json\/wp\/v2\/types\/page"}],"author":[{"embeddable":true,"href":"https:\/\/ansefsc.org.br\/index.php\/wp-json\/wp\/v2\/users\/8"}],"replies":[{"embeddable":true,"href":"https:\/\/ansefsc.org.br\/index.php\/wp-json\/wp\/v2\/comments?post=5006"}],"version-history":[{"count":7,"href":"https:\/\/ansefsc.org.br\/index.php\/wp-json\/wp\/v2\/pages\/5006\/revisions"}],"predecessor-version":[{"id":5015,"href":"https:\/\/ansefsc.org.br\/index.php\/wp-json\/wp\/v2\/pages\/5006\/revisions\/5015"}],"wp:attachment":[{"href":"https:\/\/ansefsc.org.br\/index.php\/wp-json\/wp\/v2\/media?parent=5006"}],"curies":[{"name":"wp","href":"https:\/\/api.w.org\/{rel}","templated":true}]}}