{"id":5922,"date":"2025-03-11T00:54:11","date_gmt":"2025-03-11T03:54:11","guid":{"rendered":"https:\/\/ansefsc.org.br\/?page_id=5922"},"modified":"2025-05-05T16:40:22","modified_gmt":"2025-05-05T19:40:22","slug":"editais","status":"publish","type":"page","link":"https:\/\/ansefsc.org.br\/index.php\/editais\/","title":{"rendered":"Atas, Editais e Of\u00edcios"},"content":{"rendered":"<p>[vc_row bottom_padding=&#8221;40&#8243;][vc_column width=&#8221;1\/1&#8243;][vc_column_text]<\/p>\n<h2><strong>2025<\/strong><\/h2>\n<p><strong>ATAS<\/strong><\/p>\n<p><a href=\"https:\/\/ansefsc.org.br\/wp-content\/uploads\/2025\/04\/ATA-DE-APURACAO-DE-ELEICAO-GERAL.pdf\">Ata de apura\u00e7\u00e3o da elei\u00e7\u00e3o \u00e0 diretoria executiva e conselho fiscal da Ansef Nacional e Ansef\/SC &#8211; Tri\u00eanio 2025\/2028\u00a0<\/a><\/p>\n<p><strong>EDITAIS<\/strong><\/p>\n<p><a href=\"https:\/\/ansefsc.org.br\/wp-content\/uploads\/2025\/04\/ASSEMBLEIA-GERAL-ORDINARIA-AGO-ANSEFSC-2025.pdf\">Edital de Convoca\u00e7\u00e3o 02\/2025<\/a><\/p>\n<p><a href=\"https:\/\/ansefsc.org.br\/wp-content\/uploads\/2025\/03\/EDITAL-DE-CONVOCACAO-Trienio-2025-2028.doc.pdf\">Edital de Convoca\u00e7\u00e3o 01\/2025<\/a><\/p>\n<p><strong>OF\u00cdCIOS<\/strong><\/p>\n<p><a href=\"https:\/\/ansefsc.org.br\/index.php\/2025\/05\/05\/oficio-no-007-2025-ansef-sc-suspensao-cafe-da-manha-de-maio\/\">OF\u00cdCIO n\u00ba 007\/2025-ANSEF\/SC \u2013 Suspens\u00e3o caf\u00e9 da manh\u00e3 de Maio<\/a><\/p>\n<p><a href=\"https:\/\/ansefsc.org.br\/wp-content\/uploads\/2025\/03\/DIVULGACAO-DAS-CHAPAS-INSCRITAS.pdf\">Divulga\u00e7\u00e3o de chapas inscritas &#8211; Elei\u00e7\u00f5es \u00e0 diretoria executiva e conselho fiscal &#8211; Tri\u00eanio 2025\/2028<\/a><\/p>\n<p><a href=\"https:\/\/ansefsc.org.br\/wp-content\/uploads\/2025\/03\/CONSTITUICAO-DA-COMISSAO-ELEITORAL-REGIONAL-ATUALIZADO-10-03-2025.pdf\">Constitui\u00e7\u00e3o da Comiss\u00e3o Eleitoral Regional (Atualizado 10-03-2025)<\/a>[\/vc_column_text][\/vc_column][\/vc_row]<\/p>\n","protected":false},"excerpt":{"rendered":"<p>[vc_row bottom_padding=&#8221;40&#8243;][vc_column width=&#8221;1\/1&#8243;][vc_column_text] 2025 ATAS Ata de apura\u00e7\u00e3o da elei\u00e7\u00e3o \u00e0 diretoria executiva e conselho fiscal da Ansef Nacional e Ansef\/SC &#8211; Tri\u00eanio 2025\/2028\u00a0 EDITAIS Edital de Convoca\u00e7\u00e3o 02\/2025 Edital de Convoca\u00e7\u00e3o 01\/2025 OF\u00cdCIOS OF\u00cdCIO n\u00ba 007\/2025-ANSEF\/SC \u2013 Suspens\u00e3o caf\u00e9 da manh\u00e3 de Maio Divulga\u00e7\u00e3o de chapas inscritas &#8211; Elei\u00e7\u00f5es \u00e0 diretoria executiva e conselho fiscal &#8211; Tri\u00eanio 2025\/2028 Constitui\u00e7\u00e3o da Comiss\u00e3o Eleitoral Regional (Atualizado 10-03-2025)[\/vc_column_text][\/vc_column][\/vc_row]<\/p>\n","protected":false},"author":8,"featured_media":0,"parent":0,"menu_order":0,"comment_status":"closed","ping_status":"closed","template":"","meta":[],"_links":{"self":[{"href":"https:\/\/ansefsc.org.br\/index.php\/wp-json\/wp\/v2\/pages\/5922"}],"collection":[{"href":"https:\/\/ansefsc.org.br\/index.php\/wp-json\/wp\/v2\/pages"}],"about":[{"href":"https:\/\/ansefsc.org.br\/index.php\/wp-json\/wp\/v2\/types\/page"}],"author":[{"embeddable":true,"href":"https:\/\/ansefsc.org.br\/index.php\/wp-json\/wp\/v2\/users\/8"}],"replies":[{"embeddable":true,"href":"https:\/\/ansefsc.org.br\/index.php\/wp-json\/wp\/v2\/comments?post=5922"}],"version-history":[{"count":6,"href":"https:\/\/ansefsc.org.br\/index.php\/wp-json\/wp\/v2\/pages\/5922\/revisions"}],"predecessor-version":[{"id":6024,"href":"https:\/\/ansefsc.org.br\/index.php\/wp-json\/wp\/v2\/pages\/5922\/revisions\/6024"}],"wp:attachment":[{"href":"https:\/\/ansefsc.org.br\/index.php\/wp-json\/wp\/v2\/media?parent=5922"}],"curies":[{"name":"wp","href":"https:\/\/api.w.org\/{rel}","templated":true}]}}